{"id":76,"date":"2023-10-29T16:09:05","date_gmt":"2023-10-29T15:09:05","guid":{"rendered":"https:\/\/hopedigitalservices.fr\/?page_id=76"},"modified":"2023-11-02T15:48:54","modified_gmt":"2023-11-02T14:48:54","slug":"nos-solutions","status":"publish","type":"page","link":"https:\/\/hopedigitalservices.fr\/index.php\/nos-solutions\/","title":{"rendered":"Nos solutions"},"content":{"rendered":"\t\t<div data-elementor-type=\"wp-page\" data-elementor-id=\"76\" class=\"elementor elementor-76\">\n\t\t\t\t<div class=\"elementor-element elementor-element-7bb7c8e e-flex e-con-boxed e-con e-parent\" data-id=\"7bb7c8e\" data-element_type=\"container\">\n\t\t\t\t\t<div class=\"e-con-inner\">\n\t\t\t\t<div class=\"elementor-element elementor-element-726aa3c elementor-widget elementor-widget-heading\" data-id=\"726aa3c\" data-element_type=\"widget\" data-widget_type=\"heading.default\">\n\t\t\t\t<div class=\"elementor-widget-container\">\n\t\t\t\t\t<h2 class=\"elementor-heading-title elementor-size-default\">Nos solutions<\/h2>\t\t\t\t<\/div>\n\t\t\t\t<\/div>\n\t\t\t\t\t<\/div>\n\t\t\t\t<\/div>\n\t\t<div class=\"elementor-element elementor-element-1ed112b e-flex e-con-boxed e-con e-parent\" data-id=\"1ed112b\" data-element_type=\"container\">\n\t\t\t\t\t<div class=\"e-con-inner\">\n\t\t<div class=\"elementor-element elementor-element-c299e4a e-con-full e-flex e-con e-child\" data-id=\"c299e4a\" data-element_type=\"container\">\n\t\t\t\t<div class=\"elementor-element elementor-element-7e1a99f elementor-widget elementor-widget-text-editor\" data-id=\"7e1a99f\" data-element_type=\"widget\" data-widget_type=\"text-editor.default\">\n\t\t\t\t<div class=\"elementor-widget-container\">\n\t\t\t\t\t\t\t\t\t<h5 style=\"font-style: normal;\">Innovation Transformative \u00e0 Votre Port\u00e9e<\/h5>\n<p style=\"font-size: 16px; font-style: normal; font-weight: 400;\">Chez Hope Digital Services, nous sommes d\u00e9di\u00e9s \u00e0 la cr\u00e9ation de solutions num\u00e9riques et robotiques innovantes qui r\u00e9pondent aux d\u00e9fis complexes de notre \u00e9poque. Gr\u00e2ce \u00e0 notre expertise diversifi\u00e9e et \u00e0 notre engagement envers l&#8217;excellence, nous d\u00e9veloppons des solutions sur mesure qui transforment les industries, ouvrent de nouvelles perspectives et am\u00e9liorent la qualit\u00e9 de vie des individus et des communaut\u00e9s.<\/p>\n<div>&nbsp;<\/div>\t\t\t\t\t\t\t\t<\/div>\n\t\t\t\t<\/div>\n\t\t\t\t<\/div>\n\t\t<div class=\"elementor-element elementor-element-689deb6 e-con-full e-flex e-con e-child\" data-id=\"689deb6\" data-element_type=\"container\">\n\t\t\t\t<\/div>\n\t\t<div class=\"elementor-element elementor-element-1fe44b6 e-con-full e-flex e-con e-child\" data-id=\"1fe44b6\" data-element_type=\"container\">\n\t\t\t\t<\/div>\n\t\t<div class=\"elementor-element elementor-element-5b6a5e5 e-con-full e-flex e-con e-child\" data-id=\"5b6a5e5\" data-element_type=\"container\">\n\t\t\t\t<div class=\"elementor-element elementor-element-26186ec elementor-widget elementor-widget-text-editor\" data-id=\"26186ec\" data-element_type=\"widget\" data-widget_type=\"text-editor.default\">\n\t\t\t\t<div class=\"elementor-widget-container\">\n\t\t\t\t\t\t\t\t\t<h5 style=\"font-style: normal;\">Solutions Num\u00e9riques Adaptatives<\/h5><p style=\"font-size: 16px; font-style: normal; font-weight: 400;\">Nos solutions num\u00e9riques adaptatives sont con\u00e7ues pour r\u00e9pondre aux besoins sp\u00e9cifiques de nos clients, en mettant l&#8217;accent sur la convivialit\u00e9, la s\u00e9curit\u00e9 et la durabilit\u00e9. Que ce soit pour des plateformes web dynamiques, des applications mobiles intuitives ou des logiciels sur mesure, nous cr\u00e9ons des solutions num\u00e9riques innovantes qui ouvrent de nouvelles opportunit\u00e9s pour votre entreprise.<\/p><div>\u00a0<\/div>\t\t\t\t\t\t\t\t<\/div>\n\t\t\t\t<\/div>\n\t\t\t\t<\/div>\n\t\t\t\t\t<\/div>\n\t\t\t\t<\/div>\n\t\t<div class=\"elementor-element elementor-element-15df535 e-flex e-con-boxed e-con e-parent\" data-id=\"15df535\" data-element_type=\"container\">\n\t\t\t\t\t<div class=\"e-con-inner\">\n\t\t<div class=\"elementor-element elementor-element-7faf941 e-con-full e-flex e-con e-child\" data-id=\"7faf941\" data-element_type=\"container\">\n\t\t\t\t<div class=\"elementor-element elementor-element-6094b14 elementor-widget elementor-widget-text-editor\" data-id=\"6094b14\" data-element_type=\"widget\" data-widget_type=\"text-editor.default\">\n\t\t\t\t<div class=\"elementor-widget-container\">\n\t\t\t\t\t\t\t\t\t<h5 style=\"font-style: normal;\">Technologie Robotique Avant-Gardiste<\/h5><p style=\"font-size: 16px; font-style: normal; font-weight: 400;\">En combinant notre expertise en robotique et en intelligence artificielle, nous d\u00e9veloppons des technologies robotiques avant-gardistes qui r\u00e9volutionnent les industries et transforment la mani\u00e8re dont les t\u00e2ches sont accomplies. De la robotique industrielle \u00e0 la conception de robots d&#8217;assistance intelligents, nos solutions robotiques sont con\u00e7ues pour am\u00e9liorer l&#8217;efficacit\u00e9, la s\u00e9curit\u00e9 et la productivit\u00e9.<\/p><div><br><\/div>\t\t\t\t\t\t\t\t<\/div>\n\t\t\t\t<\/div>\n\t\t\t\t<\/div>\n\t\t<div class=\"elementor-element elementor-element-ae87f78 e-con-full e-flex e-con e-child\" data-id=\"ae87f78\" data-element_type=\"container\">\n\t\t\t\t<\/div>\n\t\t<div class=\"elementor-element elementor-element-0f05d3b e-con-full e-flex e-con e-child\" data-id=\"0f05d3b\" data-element_type=\"container\">\n\t\t\t\t<div class=\"elementor-element elementor-element-b4620e1 elementor-widget elementor-widget-image\" data-id=\"b4620e1\" data-element_type=\"widget\" data-widget_type=\"image.default\">\n\t\t\t\t<div class=\"elementor-widget-container\">\n\t\t\t\t\t\t\t\t\t\t\t\t\t\t\t<img fetchpriority=\"high\" decoding=\"async\" width=\"1024\" height=\"1024\" src=\"https:\/\/hopedigitalservices.fr\/wp-content\/uploads\/2023\/11\/DALL\u00b7E-2023-11-02-15.43.30-Illustration-in-the-style-of-vibrant-midjourney-A-lush-green-planet-with-various-trees-and-plants-symbolizing-environmental-sustainability.-Around-t.png\" class=\"attachment-large size-large wp-image-175\" alt=\"\" srcset=\"https:\/\/hopedigitalservices.fr\/wp-content\/uploads\/2023\/11\/DALL\u00b7E-2023-11-02-15.43.30-Illustration-in-the-style-of-vibrant-midjourney-A-lush-green-planet-with-various-trees-and-plants-symbolizing-environmental-sustainability.-Around-t.png 1024w, https:\/\/hopedigitalservices.fr\/wp-content\/uploads\/2023\/11\/DALL\u00b7E-2023-11-02-15.43.30-Illustration-in-the-style-of-vibrant-midjourney-A-lush-green-planet-with-various-trees-and-plants-symbolizing-environmental-sustainability.-Around-t-300x300.png 300w, https:\/\/hopedigitalservices.fr\/wp-content\/uploads\/2023\/11\/DALL\u00b7E-2023-11-02-15.43.30-Illustration-in-the-style-of-vibrant-midjourney-A-lush-green-planet-with-various-trees-and-plants-symbolizing-environmental-sustainability.-Around-t-150x150.png 150w, https:\/\/hopedigitalservices.fr\/wp-content\/uploads\/2023\/11\/DALL\u00b7E-2023-11-02-15.43.30-Illustration-in-the-style-of-vibrant-midjourney-A-lush-green-planet-with-various-trees-and-plants-symbolizing-environmental-sustainability.-Around-t-768x768.png 768w\" sizes=\"(max-width: 1024px) 100vw, 1024px\" \/>\t\t\t\t\t\t\t\t\t\t\t\t\t\t\t<\/div>\n\t\t\t\t<\/div>\n\t\t\t\t<\/div>\n\t\t<div class=\"elementor-element elementor-element-b790ae2 e-con-full e-flex e-con e-child\" data-id=\"b790ae2\" data-element_type=\"container\">\n\t\t\t\t<div class=\"elementor-element elementor-element-39203b9 elementor-widget__width-auto elementor-widget elementor-widget-text-editor\" data-id=\"39203b9\" data-element_type=\"widget\" data-widget_type=\"text-editor.default\">\n\t\t\t\t<div class=\"elementor-widget-container\">\n\t\t\t\t\t\t\t\t\t<h5 style=\"font-style: normal;\">Impact Positif Durable<\/h5><p style=\"font-size: 16px; font-style: normal; font-weight: 400;\">Nous sommes fiers de cr\u00e9er un impact positif durable \u00e0 travers nos solutions, en mettant l&#8217;accent sur la durabilit\u00e9 environnementale, l&#8217;autonomisation des communaut\u00e9s locales et le progr\u00e8s social. Chaque projet que nous entreprenons est guid\u00e9 par notre engagement envers un avenir plus prometteur, o\u00f9 la technologie est au service du bien-\u00eatre collectif.<\/p>\t\t\t\t\t\t\t\t<\/div>\n\t\t\t\t<\/div>\n\t\t\t\t<\/div>\n\t\t\t\t\t<\/div>\n\t\t\t\t<\/div>\n\t\t\t\t<\/div>\n\t\t","protected":false},"excerpt":{"rendered":"<p>Nos solutions Innovation Transformative \u00e0 Votre Port\u00e9e Chez Hope Digital Services, nous sommes d\u00e9di\u00e9s \u00e0 la cr\u00e9ation de solutions num\u00e9riques et robotiques innovantes qui r\u00e9pondent aux d\u00e9fis complexes de notre \u00e9poque. Gr\u00e2ce \u00e0 notre expertise diversifi\u00e9e et \u00e0 notre engagement envers l&#8217;excellence, nous d\u00e9veloppons des solutions sur mesure qui transforment les industries, ouvrent de nouvelles &hellip;<\/p>\n<p class=\"read-more\"> <a class=\"\" href=\"https:\/\/hopedigitalservices.fr\/index.php\/nos-solutions\/\"> <span class=\"screen-reader-text\">Nos solutions<\/span> Read More &raquo;<\/a><\/p>\n","protected":false},"author":1,"featured_media":0,"parent":0,"menu_order":0,"comment_status":"closed","ping_status":"closed","template":"","meta":{"site-sidebar-layout":"no-sidebar","site-content-layout":"","ast-site-content-layout":"full-width-container","site-content-style":"default","site-sidebar-style":"default","ast-global-header-display":"","ast-banner-title-visibility":"","ast-main-header-display":"","ast-hfb-above-header-display":"","ast-hfb-below-header-display":"","ast-hfb-mobile-header-display":"","site-post-title":"disabled","ast-breadcrumbs-content":"","ast-featured-img":"disabled","footer-sml-layout":"","theme-transparent-header-meta":"","adv-header-id-meta":"","stick-header-meta":"","header-above-stick-meta":"","header-main-stick-meta":"","header-below-stick-meta":"","astra-migrate-meta-layouts":"","ast-page-background-enabled":"default","ast-page-background-meta":{"desktop":{"background-color":"var(--ast-global-color-4)","background-image":"","background-repeat":"repeat","background-position":"center center","background-size":"auto","background-attachment":"scroll","background-type":"","background-media":"","overlay-type":"","overlay-color":"","overlay-gradient":""},"tablet":{"background-color":"","background-image":"","background-repeat":"repeat","background-position":"center center","background-size":"auto","background-attachment":"scroll","background-type":"","background-media":"","overlay-type":"","overlay-color":"","overlay-gradient":""},"mobile":{"background-color":"","background-image":"","background-repeat":"repeat","background-position":"center center","background-size":"auto","background-attachment":"scroll","background-type":"","background-media":"","overlay-type":"","overlay-color":"","overlay-gradient":""}},"ast-content-background-meta":{"desktop":{"background-color":"var(--ast-global-color-5)","background-image":"","background-repeat":"repeat","background-position":"center center","background-size":"auto","background-attachment":"scroll","background-type":"","background-media":"","overlay-type":"","overlay-color":"","overlay-gradient":""},"tablet":{"background-color":"var(--ast-global-color-5)","background-image":"","background-repeat":"repeat","background-position":"center center","background-size":"auto","background-attachment":"scroll","background-type":"","background-media":"","overlay-type":"","overlay-color":"","overlay-gradient":""},"mobile":{"background-color":"var(--ast-global-color-5)","background-image":"","background-repeat":"repeat","background-position":"center center","background-size":"auto","background-attachment":"scroll","background-type":"","background-media":"","overlay-type":"","overlay-color":"","overlay-gradient":""}},"footnotes":""},"_links":{"self":[{"href":"https:\/\/hopedigitalservices.fr\/index.php\/wp-json\/wp\/v2\/pages\/76"}],"collection":[{"href":"https:\/\/hopedigitalservices.fr\/index.php\/wp-json\/wp\/v2\/pages"}],"about":[{"href":"https:\/\/hopedigitalservices.fr\/index.php\/wp-json\/wp\/v2\/types\/page"}],"author":[{"embeddable":true,"href":"https:\/\/hopedigitalservices.fr\/index.php\/wp-json\/wp\/v2\/users\/1"}],"replies":[{"embeddable":true,"href":"https:\/\/hopedigitalservices.fr\/index.php\/wp-json\/wp\/v2\/comments?post=76"}],"version-history":[{"count":8,"href":"https:\/\/hopedigitalservices.fr\/index.php\/wp-json\/wp\/v2\/pages\/76\/revisions"}],"predecessor-version":[{"id":178,"href":"https:\/\/hopedigitalservices.fr\/index.php\/wp-json\/wp\/v2\/pages\/76\/revisions\/178"}],"wp:attachment":[{"href":"https:\/\/hopedigitalservices.fr\/index.php\/wp-json\/wp\/v2\/media?parent=76"}],"curies":[{"name":"wp","href":"https:\/\/api.w.org\/{rel}","templated":true}]}}