{"id":73,"date":"2023-10-29T16:09:57","date_gmt":"2023-10-29T15:09:57","guid":{"rendered":"https:\/\/hopedigitalservices.fr\/?page_id=73"},"modified":"2023-10-29T17:28:08","modified_gmt":"2023-10-29T16:28:08","slug":"notre-equipe","status":"publish","type":"page","link":"https:\/\/hopedigitalservices.fr\/index.php\/notre-equipe\/","title":{"rendered":"Notre \u00e9quipe"},"content":{"rendered":"\t\t<div data-elementor-type=\"wp-page\" data-elementor-id=\"73\" class=\"elementor elementor-73\">\n\t\t\t\t<div class=\"elementor-element elementor-element-26dab0a e-flex e-con-boxed e-con e-parent\" data-id=\"26dab0a\" data-element_type=\"container\">\n\t\t\t\t\t<div class=\"e-con-inner\">\n\t\t\t\t<div class=\"elementor-element elementor-element-2bfd306 elementor-widget elementor-widget-heading\" data-id=\"2bfd306\" data-element_type=\"widget\" data-widget_type=\"heading.default\">\n\t\t\t\t<div class=\"elementor-widget-container\">\n\t\t\t\t\t<h2 class=\"elementor-heading-title elementor-size-default\">Notre \u00e9quipe<\/h2>\t\t\t\t<\/div>\n\t\t\t\t<\/div>\n\t\t\t\t\t<\/div>\n\t\t\t\t<\/div>\n\t\t<div class=\"elementor-element elementor-element-6c5dbcd e-flex e-con-boxed e-con e-parent\" data-id=\"6c5dbcd\" data-element_type=\"container\">\n\t\t\t\t\t<div class=\"e-con-inner\">\n\t\t\t\t<div class=\"elementor-element elementor-element-32d3ac5 elementor-widget elementor-widget-text-editor\" data-id=\"32d3ac5\" data-element_type=\"widget\" data-widget_type=\"text-editor.default\">\n\t\t\t\t<div class=\"elementor-widget-container\">\n\t\t\t\t\t\t\t\t\t<p>Notre \u00e9quipe de visionnaire technologiques<\/p>\n<p>Chez Hope Digital Services, notre \u00e9quipe est bien plus qu&#8217;un groupe d&#8217;experts en technologie. Nous sommes des visionnaires passionn\u00e9s, des innovateurs d\u00e9vou\u00e9s et des cr\u00e9ateurs de solutions, unis par une passion commune pour la transformation num\u00e9rique et l&#8217;impact social positif.<\/p>\n<p>Rencontrez nos Esprits Cr\u00e9atifs<\/p>\n<p>Chacun de nos membres est une pi\u00e8ce essentielle du puzzle, apportant une expertise unique et des ann\u00e9es d&#8217;exp\u00e9rience dans des domaines vari\u00e9s tels que la robotique, l&#8217;informatique, le g\u00e9nie civil et la gestion de projet international. Ensemble, nous formons une \u00e9quipe diversifi\u00e9e, anim\u00e9e par la collaboration, la cr\u00e9ativit\u00e9 et un engagement in\u00e9branlable envers l&#8217;excellence.<\/p>\n<p>D\u00e9couvrez nos Histoires uniques<\/p>\n<p>Nos parcours individuels refl\u00e8tent une passion profonde pour l&#8217;innovation et un d\u00e9sir ardent de repousser les limites de ce qui est possible. De la conception de solutions novatrices pour les d\u00e9fis mondiaux \u00e0 la cr\u00e9ation d&#8217;un impact durable au sein de nos communaut\u00e9s, nous sommes unis par une vision commune de cr\u00e9er un avenir meilleur gr\u00e2ce \u00e0 la technologie.<\/p>\n<p>Engag\u00e9s envers Votre R\u00e9ussite<\/p>\n<p>Nous croyons en la valeur de chaque membre de notre \u00e9quipe et nous nous engageons \u00e0 soutenir le d\u00e9veloppement professionnel et personnel de chacun. Notre culture d&#8217;entreprise favorise l&#8217;autonomie, la cr\u00e9ativit\u00e9 et la croissance individuelle, garantissant que chaque membre de notre \u00e9quipe se sente \u00e9cout\u00e9, soutenu et valoris\u00e9.<\/p>\t\t\t\t\t\t\t\t<\/div>\n\t\t\t\t<\/div>\n\t\t\t\t<div class=\"elementor-element elementor-element-4ae3cf2 elementor-widget elementor-widget-image\" data-id=\"4ae3cf2\" data-element_type=\"widget\" data-widget_type=\"image.default\">\n\t\t\t\t<div class=\"elementor-widget-container\">\n\t\t\t\t\t\t\t\t\t\t\t\t\t\t\t<img fetchpriority=\"high\" decoding=\"async\" width=\"1024\" height=\"683\" src=\"https:\/\/hopedigitalservices.fr\/wp-content\/uploads\/2023\/10\/20945447-1024x683.jpg\" class=\"attachment-large size-large wp-image-88\" alt=\"\" srcset=\"https:\/\/hopedigitalservices.fr\/wp-content\/uploads\/2023\/10\/20945447-1024x683.jpg 1024w, https:\/\/hopedigitalservices.fr\/wp-content\/uploads\/2023\/10\/20945447-300x200.jpg 300w, https:\/\/hopedigitalservices.fr\/wp-content\/uploads\/2023\/10\/20945447-768x512.jpg 768w, https:\/\/hopedigitalservices.fr\/wp-content\/uploads\/2023\/10\/20945447-1536x1024.jpg 1536w, https:\/\/hopedigitalservices.fr\/wp-content\/uploads\/2023\/10\/20945447-2048x1365.jpg 2048w\" sizes=\"(max-width: 1024px) 100vw, 1024px\" \/>\t\t\t\t\t\t\t\t\t\t\t\t\t\t\t<\/div>\n\t\t\t\t<\/div>\n\t\t\t\t\t<\/div>\n\t\t\t\t<\/div>\n\t\t<div class=\"elementor-element elementor-element-b20351f e-flex e-con-boxed e-con e-parent\" data-id=\"b20351f\" data-element_type=\"container\">\n\t\t\t\t\t<div class=\"e-con-inner\">\n\t\t\t\t<div class=\"elementor-element elementor-element-2a9996a elementor-widget__width-inherit elementor-widget elementor-widget-text-editor\" data-id=\"2a9996a\" data-element_type=\"widget\" data-widget_type=\"text-editor.default\">\n\t\t\t\t<div class=\"elementor-widget-container\">\n\t\t\t\t\t\t\t\t\t<p>Rejoignez notre \u00c9quipe Dynamique<\/p>\n<p>Si vous partagez notre passion pour l&#8217;innovation, l&#8217;impact social et la collaboration, nous serions ravis de vous accueillir au sein de notre \u00e9quipe. D\u00e9couvrez nos opportunit\u00e9s de carri\u00e8re et rejoignez-nous pour fa\u00e7onner un avenir num\u00e9rique plus prometteur, o\u00f9 chaque id\u00e9e compte et o\u00f9 chaque talent est mis en valeur.<\/p>\t\t\t\t\t\t\t\t<\/div>\n\t\t\t\t<\/div>\n\t\t\t\t<div class=\"elementor-element elementor-element-e00cc0b elementor-widget__width-initial elementor-widget elementor-widget-button\" data-id=\"e00cc0b\" data-element_type=\"widget\" data-widget_type=\"button.default\">\n\t\t\t\t<div class=\"elementor-widget-container\">\n\t\t\t\t\t\t\t\t\t<div class=\"elementor-button-wrapper\">\n\t\t\t\t\t<a class=\"elementor-button elementor-button-link elementor-size-md\" href=\"#\">\n\t\t\t\t\t\t<span class=\"elementor-button-content-wrapper\">\n\t\t\t\t\t\t\t\t\t<span class=\"elementor-button-text\">Nous rejoindre<\/span>\n\t\t\t\t\t<\/span>\n\t\t\t\t\t<\/a>\n\t\t\t\t<\/div>\n\t\t\t\t\t\t\t\t<\/div>\n\t\t\t\t<\/div>\n\t\t\t\t\t<\/div>\n\t\t\t\t<\/div>\n\t\t\t\t<\/div>\n\t\t","protected":false},"excerpt":{"rendered":"<p>Notre \u00e9quipe Notre \u00e9quipe de visionnaire technologiques Chez Hope Digital Services, notre \u00e9quipe est bien plus qu&#8217;un groupe d&#8217;experts en technologie. Nous sommes des visionnaires passionn\u00e9s, des innovateurs d\u00e9vou\u00e9s et des cr\u00e9ateurs de solutions, unis par une passion commune pour la transformation num\u00e9rique et l&#8217;impact social positif. Rencontrez nos Esprits Cr\u00e9atifs Chacun de nos membres &hellip;<\/p>\n<p class=\"read-more\"> <a class=\"\" href=\"https:\/\/hopedigitalservices.fr\/index.php\/notre-equipe\/\"> <span class=\"screen-reader-text\">Notre \u00e9quipe<\/span> Read More &raquo;<\/a><\/p>\n","protected":false},"author":1,"featured_media":0,"parent":0,"menu_order":0,"comment_status":"closed","ping_status":"closed","template":"","meta":{"site-sidebar-layout":"no-sidebar","site-content-layout":"","ast-site-content-layout":"full-width-container","site-content-style":"default","site-sidebar-style":"default","ast-global-header-display":"","ast-banner-title-visibility":"","ast-main-header-display":"","ast-hfb-above-header-display":"","ast-hfb-below-header-display":"","ast-hfb-mobile-header-display":"","site-post-title":"disabled","ast-breadcrumbs-content":"","ast-featured-img":"disabled","footer-sml-layout":"","theme-transparent-header-meta":"","adv-header-id-meta":"","stick-header-meta":"","header-above-stick-meta":"","header-main-stick-meta":"","header-below-stick-meta":"","astra-migrate-meta-layouts":"","ast-page-background-enabled":"default","ast-page-background-meta":{"desktop":{"background-color":"var(--ast-global-color-4)","background-image":"","background-repeat":"repeat","background-position":"center center","background-size":"auto","background-attachment":"scroll","background-type":"","background-media":"","overlay-type":"","overlay-color":"","overlay-gradient":""},"tablet":{"background-color":"","background-image":"","background-repeat":"repeat","background-position":"center center","background-size":"auto","background-attachment":"scroll","background-type":"","background-media":"","overlay-type":"","overlay-color":"","overlay-gradient":""},"mobile":{"background-color":"","background-image":"","background-repeat":"repeat","background-position":"center center","background-size":"auto","background-attachment":"scroll","background-type":"","background-media":"","overlay-type":"","overlay-color":"","overlay-gradient":""}},"ast-content-background-meta":{"desktop":{"background-color":"var(--ast-global-color-5)","background-image":"","background-repeat":"repeat","background-position":"center center","background-size":"auto","background-attachment":"scroll","background-type":"","background-media":"","overlay-type":"","overlay-color":"","overlay-gradient":""},"tablet":{"background-color":"var(--ast-global-color-5)","background-image":"","background-repeat":"repeat","background-position":"center center","background-size":"auto","background-attachment":"scroll","background-type":"","background-media":"","overlay-type":"","overlay-color":"","overlay-gradient":""},"mobile":{"background-color":"var(--ast-global-color-5)","background-image":"","background-repeat":"repeat","background-position":"center center","background-size":"auto","background-attachment":"scroll","background-type":"","background-media":"","overlay-type":"","overlay-color":"","overlay-gradient":""}},"footnotes":""},"_links":{"self":[{"href":"https:\/\/hopedigitalservices.fr\/index.php\/wp-json\/wp\/v2\/pages\/73"}],"collection":[{"href":"https:\/\/hopedigitalservices.fr\/index.php\/wp-json\/wp\/v2\/pages"}],"about":[{"href":"https:\/\/hopedigitalservices.fr\/index.php\/wp-json\/wp\/v2\/types\/page"}],"author":[{"embeddable":true,"href":"https:\/\/hopedigitalservices.fr\/index.php\/wp-json\/wp\/v2\/users\/1"}],"replies":[{"embeddable":true,"href":"https:\/\/hopedigitalservices.fr\/index.php\/wp-json\/wp\/v2\/comments?post=73"}],"version-history":[{"count":12,"href":"https:\/\/hopedigitalservices.fr\/index.php\/wp-json\/wp\/v2\/pages\/73\/revisions"}],"predecessor-version":[{"id":145,"href":"https:\/\/hopedigitalservices.fr\/index.php\/wp-json\/wp\/v2\/pages\/73\/revisions\/145"}],"wp:attachment":[{"href":"https:\/\/hopedigitalservices.fr\/index.php\/wp-json\/wp\/v2\/media?parent=73"}],"curies":[{"name":"wp","href":"https:\/\/api.w.org\/{rel}","templated":true}]}}