{"id":13,"date":"2023-10-23T11:52:40","date_gmt":"2023-10-23T09:52:40","guid":{"rendered":"https:\/\/hopedigitalservices.fr\/?page_id=13"},"modified":"2023-11-02T17:01:51","modified_gmt":"2023-11-02T16:01:51","slug":"accueil","status":"publish","type":"page","link":"https:\/\/hopedigitalservices.fr\/","title":{"rendered":"Accueil"},"content":{"rendered":"\t\t<div data-elementor-type=\"wp-page\" data-elementor-id=\"13\" class=\"elementor elementor-13\">\n\t\t\t\t<div class=\"elementor-element elementor-element-383b6e7b e-con-full e-flex e-con e-parent\" data-id=\"383b6e7b\" data-element_type=\"container\" data-settings=\"{&quot;background_background&quot;:&quot;classic&quot;}\">\n\t\t<div class=\"elementor-element elementor-element-320ff2dc e-con-full e-flex e-con e-child\" data-id=\"320ff2dc\" data-element_type=\"container\">\n\t\t\t\t<div class=\"elementor-element elementor-element-51655352 elementor-widget elementor-widget-heading\" data-id=\"51655352\" data-element_type=\"widget\" data-widget_type=\"heading.default\">\n\t\t\t\t<div class=\"elementor-widget-container\">\n\t\t\t\t\t<h1 class=\"elementor-heading-title elementor-size-default\">Bienvenue chez Hope Digital Services<\/h1>\t\t\t\t<\/div>\n\t\t\t\t<\/div>\n\t\t\t\t<div class=\"elementor-element elementor-element-17937a6b elementor-mobile-align-center elementor-align-left elementor-widget elementor-widget-button\" data-id=\"17937a6b\" data-element_type=\"widget\" data-widget_type=\"button.default\">\n\t\t\t\t<div class=\"elementor-widget-container\">\n\t\t\t\t\t\t\t\t\t<div class=\"elementor-button-wrapper\">\n\t\t\t\t\t<a class=\"elementor-button elementor-button-link elementor-size-sm\" href=\"https:\/\/hopedigitalservices.fr\/index.php\/contact\/\">\n\t\t\t\t\t\t<span class=\"elementor-button-content-wrapper\">\n\t\t\t\t\t\t\t\t\t<span class=\"elementor-button-text\">Nous contacter<\/span>\n\t\t\t\t\t<\/span>\n\t\t\t\t\t<\/a>\n\t\t\t\t<\/div>\n\t\t\t\t\t\t\t\t<\/div>\n\t\t\t\t<\/div>\n\t\t\t\t<\/div>\n\t\t<div class=\"elementor-element elementor-element-3c7f6d8e e-con-full e-flex e-con e-child\" data-id=\"3c7f6d8e\" data-element_type=\"container\">\n\t\t\t\t<div class=\"elementor-element elementor-element-6f7a5d11 elementor-widget elementor-widget-image\" data-id=\"6f7a5d11\" data-element_type=\"widget\" data-widget_type=\"image.default\">\n\t\t\t\t<div class=\"elementor-widget-container\">\n\t\t\t\t\t\t\t\t\t\t\t\t\t\t\t<img fetchpriority=\"high\" decoding=\"async\" width=\"1320\" height=\"1000\" src=\"https:\/\/hopedigitalservices.fr\/wp-content\/uploads\/2023\/10\/136229180-1.png\" class=\"attachment-2048x2048 size-2048x2048 wp-image-119\" alt=\"\" srcset=\"https:\/\/hopedigitalservices.fr\/wp-content\/uploads\/2023\/10\/136229180-1.png 1320w, https:\/\/hopedigitalservices.fr\/wp-content\/uploads\/2023\/10\/136229180-1-300x227.png 300w, https:\/\/hopedigitalservices.fr\/wp-content\/uploads\/2023\/10\/136229180-1-1024x776.png 1024w, https:\/\/hopedigitalservices.fr\/wp-content\/uploads\/2023\/10\/136229180-1-768x582.png 768w\" sizes=\"(max-width: 1320px) 100vw, 1320px\" \/>\t\t\t\t\t\t\t\t\t\t\t\t\t\t\t<\/div>\n\t\t\t\t<\/div>\n\t\t\t\t<\/div>\n\t\t\t\t<\/div>\n\t\t<div class=\"elementor-element elementor-element-1a4fff5 e-flex e-con-boxed e-con e-parent\" data-id=\"1a4fff5\" data-element_type=\"container\">\n\t\t\t\t\t<div class=\"e-con-inner\">\n\t\t<div class=\"elementor-element elementor-element-21e24446 e-con-full e-flex e-con e-child\" data-id=\"21e24446\" data-element_type=\"container\">\n\t\t<div class=\"elementor-element elementor-element-53a44f1a e-con-full e-flex e-con e-child\" data-id=\"53a44f1a\" data-element_type=\"container\">\n\t\t\t\t<div class=\"elementor-element elementor-element-13a8459 elementor-widget elementor-widget-image\" data-id=\"13a8459\" data-element_type=\"widget\" data-widget_type=\"image.default\">\n\t\t\t\t<div class=\"elementor-widget-container\">\n\t\t\t\t\t\t\t\t\t\t\t\t\t\t\t<img decoding=\"async\" width=\"1024\" height=\"1024\" src=\"https:\/\/hopedigitalservices.fr\/wp-content\/uploads\/2023\/10\/13184991_5138237-1024x1024.jpg\" class=\"attachment-large size-large wp-image-45\" alt=\"\" srcset=\"https:\/\/hopedigitalservices.fr\/wp-content\/uploads\/2023\/10\/13184991_5138237-1024x1024.jpg 1024w, https:\/\/hopedigitalservices.fr\/wp-content\/uploads\/2023\/10\/13184991_5138237-300x300.jpg 300w, https:\/\/hopedigitalservices.fr\/wp-content\/uploads\/2023\/10\/13184991_5138237-150x150.jpg 150w, https:\/\/hopedigitalservices.fr\/wp-content\/uploads\/2023\/10\/13184991_5138237-768x768.jpg 768w, https:\/\/hopedigitalservices.fr\/wp-content\/uploads\/2023\/10\/13184991_5138237-1536x1536.jpg 1536w, https:\/\/hopedigitalservices.fr\/wp-content\/uploads\/2023\/10\/13184991_5138237.jpg 2000w\" sizes=\"(max-width: 1024px) 100vw, 1024px\" \/>\t\t\t\t\t\t\t\t\t\t\t\t\t\t\t<\/div>\n\t\t\t\t<\/div>\n\t\t\t\t<\/div>\n\t\t<div class=\"elementor-element elementor-element-2126849b e-con-full e-flex e-con e-child\" data-id=\"2126849b\" data-element_type=\"container\">\n\t\t\t\t<div class=\"elementor-element elementor-element-10f3db32 elementor-widget elementor-widget-image\" data-id=\"10f3db32\" data-element_type=\"widget\" data-widget_type=\"image.default\">\n\t\t\t\t<div class=\"elementor-widget-container\">\n\t\t\t\t\t\t\t\t\t\t\t\t\t\t\t<img decoding=\"async\" width=\"1024\" height=\"614\" src=\"https:\/\/hopedigitalservices.fr\/wp-content\/uploads\/2023\/10\/17828-1024x614.jpg\" class=\"attachment-large size-large wp-image-87\" alt=\"\" srcset=\"https:\/\/hopedigitalservices.fr\/wp-content\/uploads\/2023\/10\/17828-1024x614.jpg 1024w, https:\/\/hopedigitalservices.fr\/wp-content\/uploads\/2023\/10\/17828-300x180.jpg 300w, https:\/\/hopedigitalservices.fr\/wp-content\/uploads\/2023\/10\/17828-768x461.jpg 768w, https:\/\/hopedigitalservices.fr\/wp-content\/uploads\/2023\/10\/17828-1536x922.jpg 1536w, https:\/\/hopedigitalservices.fr\/wp-content\/uploads\/2023\/10\/17828-2048x1229.jpg 2048w\" sizes=\"(max-width: 1024px) 100vw, 1024px\" \/>\t\t\t\t\t\t\t\t\t\t\t\t\t\t\t<\/div>\n\t\t\t\t<\/div>\n\t\t\t\t<\/div>\n\t\t\t\t<\/div>\n\t\t<div class=\"elementor-element elementor-element-5e03b16e e-con-full e-flex e-con e-child\" data-id=\"5e03b16e\" data-element_type=\"container\">\n\t\t\t\t<div class=\"elementor-element elementor-element-1633400d elementor-widget elementor-widget-heading\" data-id=\"1633400d\" data-element_type=\"widget\" data-widget_type=\"heading.default\">\n\t\t\t\t<div class=\"elementor-widget-container\">\n\t\t\t\t\t<h3 class=\"elementor-heading-title elementor-size-default\"><a href=\"https:\/\/hopedigitalservices.fr\/index.php\/notre-equipe\/\">Qui sommes-nous ?<\/a><\/h3>\t\t\t\t<\/div>\n\t\t\t\t<\/div>\n\t\t\t\t<div class=\"elementor-element elementor-element-40271f0f elementor-widget-tablet__width-initial elementor-widget elementor-widget-text-editor\" data-id=\"40271f0f\" data-element_type=\"widget\" data-widget_type=\"text-editor.default\">\n\t\t\t\t<div class=\"elementor-widget-container\">\n\t\t\t\t\t\t\t\t\t<p>Chez Hope Digital Services, nous sommes bien plus qu&#8217;une simple entreprise de services num\u00e9riques. Nous sommes des innovateurs passionn\u00e9s, des cr\u00e9ateurs de solutions et des agents de changement d\u00e9vou\u00e9s \u00e0 fa\u00e7onner un avenir num\u00e9rique plus inclusif et durable. Depuis notre fondation, notre engagement in\u00e9branlable envers l&#8217;excellence, l&#8217;innovation et l&#8217;impact positif a \u00e9t\u00e9 le moteur de nos activit\u00e9s.<\/p>\n<p>Fond\u00e9e par une \u00e9quipe diversifi\u00e9e d&#8217;ing\u00e9nieurs chevronn\u00e9s, chacun dot\u00e9 d&#8217;une expertise pointue dans des domaines vari\u00e9s tels que la robotique, l&#8217;informatique, le g\u00e9nie civil et la gestion de projet international, Hope Digital Services incarne la fusion parfaite de la technologie de pointe et de la vision humaniste. Nos ann\u00e9es d&#8217;exp\u00e9rience collective ont \u00e9t\u00e9 le catalyseur de collaborations fructueuses, de partenariats strat\u00e9giques et de la cr\u00e9ation de solutions num\u00e9riques et robotiques innovantes dans des domaines aussi vari\u00e9s que la sant\u00e9, l&#8217;\u00e9ducation, la durabilit\u00e9 environnementale et bien plus encore.<\/p>\n<p>Nous croyons fermement que chaque individu a le potentiel de catalyser le changement et de contribuer de mani\u00e8re significative \u00e0 la soci\u00e9t\u00e9. C&#8217;est pourquoi nous mettons un accent particulier sur la recherche et la fid\u00e9lisation des talents exceptionnels, offrant un suivi de carri\u00e8re personnalis\u00e9 et une \u00e9quipe \u00e0 l&#8217;\u00e9coute des aspirations professionnelles de chacun de nos membres. En nous concentrant sur le d\u00e9veloppement de notre \u00e9quipe, nous sommes convaincus que nous pouvons atteindre des sommets plus \u00e9lev\u00e9s ensemble, tout en repoussant les limites de l&#8217;innovation et de l&#8217;impact social positif.<\/p>\n<p>\u00c0 travers nos solutions num\u00e9riques et robotiques de pointe, nous nous effor\u00e7ons de r\u00e9soudre certains des d\u00e9fis les plus pressants de notre \u00e9poque. Notre approche ax\u00e9e sur les besoins de nos clients et des communaut\u00e9s que nous servons nous permet de concevoir et de mettre en \u0153uvre des solutions sur mesure qui transforment les industries, ouvrent de nouvelles perspectives et am\u00e9liorent la qualit\u00e9 de vie des gens.<\/p>\n<p>D\u00e9couvrez comment vous pouvez vous joindre \u00e0 nous pour cr\u00e9er un avenir num\u00e9rique plus prometteur, o\u00f9 l&#8217;innovation et l&#8217;impact social se conjuguent pour un monde meilleur.<\/p>\t\t\t\t\t\t\t\t<\/div>\n\t\t\t\t<\/div>\n\t\t\t\t<\/div>\n\t\t\t\t\t<\/div>\n\t\t\t\t<\/div>\n\t\t<div class=\"elementor-element elementor-element-54863d4 e-con-full e-flex e-con e-parent\" data-id=\"54863d4\" data-element_type=\"container\" id=\"next\">\n\t\t\t\t<div class=\"elementor-element elementor-element-4909022 elementor-widget elementor-widget-heading\" data-id=\"4909022\" data-element_type=\"widget\" data-widget_type=\"heading.default\">\n\t\t\t\t<div class=\"elementor-widget-container\">\n\t\t\t\t\t<h3 class=\"elementor-heading-title elementor-size-default\">Nos offres d'emplois<\/h3>\t\t\t\t<\/div>\n\t\t\t\t<\/div>\n\t\t\t\t<div class=\"elementor-element elementor-element-6371dd94 elementor-widget elementor-widget-heading\" data-id=\"6371dd94\" data-element_type=\"widget\" data-widget_type=\"heading.default\">\n\t\t\t\t<div class=\"elementor-widget-container\">\n\t\t\t\t\t<p class=\"elementor-heading-title elementor-size-default\">D\u00e9couvrez Nos Opportunit\u00e9s<\/p>\t\t\t\t<\/div>\n\t\t\t\t<\/div>\n\t\t\t\t<div class=\"elementor-element elementor-element-5628766 elementor-widget elementor-widget-text-editor\" data-id=\"5628766\" data-element_type=\"widget\" data-widget_type=\"text-editor.default\">\n\t\t\t\t<div class=\"elementor-widget-container\">\n\t\t\t\t\t\t\t\t\t<p>\u00cates-vous pr\u00eat \u00e0 rejoindre une \u00e9quipe dynamique de visionnaires technologiques ? Explorez nos offres d&#8217;emploi et d\u00e9couvrez comment vous pouvez faire partie d&#8217;une aventure passionnante ax\u00e9e sur la transformation num\u00e9rique pour le bien-\u00eatre des communaut\u00e9s locales et mondiales.<\/p>\t\t\t\t\t\t\t\t<\/div>\n\t\t\t\t<\/div>\n\t\t\t\t<div class=\"elementor-element elementor-element-5aec2ff elementor-mobile-align-center elementor-align-center elementor-widget elementor-widget-button\" data-id=\"5aec2ff\" data-element_type=\"widget\" data-widget_type=\"button.default\">\n\t\t\t\t<div class=\"elementor-widget-container\">\n\t\t\t\t\t\t\t\t\t<div class=\"elementor-button-wrapper\">\n\t\t\t\t\t<a class=\"elementor-button elementor-button-link elementor-size-sm\" href=\"https:\/\/hopedigitalservices.fr\/index.php\/offres-demplois\/\">\n\t\t\t\t\t\t<span class=\"elementor-button-content-wrapper\">\n\t\t\t\t\t\t\t\t\t<span class=\"elementor-button-text\">Nos offres<\/span>\n\t\t\t\t\t<\/span>\n\t\t\t\t\t<\/a>\n\t\t\t\t<\/div>\n\t\t\t\t\t\t\t\t<\/div>\n\t\t\t\t<\/div>\n\t\t\t\t<\/div>\n\t\t<div class=\"elementor-element elementor-element-4065cee e-con-full e-flex e-con e-parent\" data-id=\"4065cee\" data-element_type=\"container\">\n\t\t\t\t<div class=\"elementor-element elementor-element-d1aae9e elementor-widget elementor-widget-heading\" data-id=\"d1aae9e\" data-element_type=\"widget\" data-widget_type=\"heading.default\">\n\t\t\t\t<div class=\"elementor-widget-container\">\n\t\t\t\t\t<h3 class=\"elementor-heading-title elementor-size-default\">Nos solutions<\/h3>\t\t\t\t<\/div>\n\t\t\t\t<\/div>\n\t\t\t\t<div class=\"elementor-element elementor-element-7bfc172 elementor-widget elementor-widget-text-editor\" data-id=\"7bfc172\" data-element_type=\"widget\" data-widget_type=\"text-editor.default\">\n\t\t\t\t<div class=\"elementor-widget-container\">\n\t\t\t\t\t\t\t\t\t<p>Nous croyons en l\u2019innovation centr\u00e9e sur l\u2019humain et en la puissance des technologies \u00e9mergentes pour r\u00e9soudre des probl\u00e8mes complexes. Gr\u00e2ce \u00e0 nos solutions num\u00e9riques et robotiques de pointe, nous cherchons \u00e0 fa\u00e7onner un avenir num\u00e9rique plus inclusif et durable pour tous.<\/p>\t\t\t\t\t\t\t\t<\/div>\n\t\t\t\t<\/div>\n\t\t\t\t<div class=\"elementor-element elementor-element-454efa0 elementor-mobile-align-center elementor-align-center elementor-widget elementor-widget-button\" data-id=\"454efa0\" data-element_type=\"widget\" data-widget_type=\"button.default\">\n\t\t\t\t<div class=\"elementor-widget-container\">\n\t\t\t\t\t\t\t\t\t<div class=\"elementor-button-wrapper\">\n\t\t\t\t\t<a class=\"elementor-button elementor-button-link elementor-size-sm\" href=\"https:\/\/hopedigitalservices.fr\/index.php\/nos-solutions\/\">\n\t\t\t\t\t\t<span class=\"elementor-button-content-wrapper\">\n\t\t\t\t\t\t\t\t\t<span class=\"elementor-button-text\">Nos solutions<\/span>\n\t\t\t\t\t<\/span>\n\t\t\t\t\t<\/a>\n\t\t\t\t<\/div>\n\t\t\t\t\t\t\t\t<\/div>\n\t\t\t\t<\/div>\n\t\t\t\t<\/div>\n\t\t<div class=\"elementor-element elementor-element-4a9048a e-flex e-con-boxed e-con e-parent\" data-id=\"4a9048a\" data-element_type=\"container\">\n\t\t\t\t\t<div class=\"e-con-inner\">\n\t\t\t\t<div class=\"elementor-element elementor-element-2cf499f5 elementor-widget__width-initial elementor-widget elementor-widget-heading\" data-id=\"2cf499f5\" data-element_type=\"widget\" data-widget_type=\"heading.default\">\n\t\t\t\t<div class=\"elementor-widget-container\">\n\t\t\t\t\t<h3 class=\"elementor-heading-title elementor-size-default\">Nous contacter<\/h3>\t\t\t\t<\/div>\n\t\t\t\t<\/div>\n\t\t\t\t<div class=\"elementor-element elementor-element-77984edd elementor-widget__width-initial elementor-widget elementor-widget-text-editor\" data-id=\"77984edd\" data-element_type=\"widget\" data-widget_type=\"text-editor.default\">\n\t\t\t\t<div class=\"elementor-widget-container\">\n\t\t\t\t\t\t\t\t\t<p>Construisons Ensemble l&#8217;Avenir Num\u00e9rique<\/p><p><span style=\"font-weight: normal;\">Nous cherchons activement des partenaires strat\u00e9giques partageant notre vision et nos valeurs pour fa\u00e7onner un avenir num\u00e9rique plus prometteur. Si vous \u00eates une entreprise anim\u00e9e par la passion de l&#8217;innovation, un investisseur visionnaire ou un esprit curieux d\u00e9sireux de faire une diff\u00e9rence significative dans le monde num\u00e9rique en constante \u00e9volution, nous vous invitons \u00e0 nous contacter d\u00e8s aujourd&#8217;hui.<\/span><\/p>\t\t\t\t\t\t\t\t<\/div>\n\t\t\t\t<\/div>\n\t\t\t\t<div class=\"elementor-element elementor-element-6ebc105e elementor-align-center elementor-mobile-align-center elementor-widget elementor-widget-button\" data-id=\"6ebc105e\" data-element_type=\"widget\" data-widget_type=\"button.default\">\n\t\t\t\t<div class=\"elementor-widget-container\">\n\t\t\t\t\t\t\t\t\t<div class=\"elementor-button-wrapper\">\n\t\t\t\t\t<a class=\"elementor-button elementor-button-link elementor-size-sm\" href=\"https:\/\/hopedigitalservices.fr\/index.php\/contact\/\">\n\t\t\t\t\t\t<span class=\"elementor-button-content-wrapper\">\n\t\t\t\t\t\t\t\t\t<span class=\"elementor-button-text\">Contact<\/span>\n\t\t\t\t\t<\/span>\n\t\t\t\t\t<\/a>\n\t\t\t\t<\/div>\n\t\t\t\t\t\t\t\t<\/div>\n\t\t\t\t<\/div>\n\t\t\t\t\t<\/div>\n\t\t\t\t<\/div>\n\t\t<div class=\"elementor-element elementor-element-3daf289e e-con-full e-flex e-con e-parent\" data-id=\"3daf289e\" data-element_type=\"container\" data-settings=\"{&quot;background_background&quot;:&quot;classic&quot;}\">\n\t\t\t\t<div class=\"elementor-element elementor-element-5ed76e9e elementor-widget elementor-widget-heading\" data-id=\"5ed76e9e\" data-element_type=\"widget\" data-widget_type=\"heading.default\">\n\t\t\t\t<div class=\"elementor-widget-container\">\n\t\t\t\t\t<p class=\"elementor-heading-title elementor-size-default\">\u00a9 All Rights Reserved.<\/p>\t\t\t\t<\/div>\n\t\t\t\t<\/div>\n\t\t\t\t<\/div>\n\t\t\t\t<\/div>\n\t\t","protected":false},"excerpt":{"rendered":"<p>Bienvenue chez Hope Digital Services Nous contacter Qui sommes-nous ? Chez Hope Digital Services, nous sommes bien plus qu&#8217;une simple entreprise de services num\u00e9riques. Nous sommes des innovateurs passionn\u00e9s, des cr\u00e9ateurs de solutions et des agents de changement d\u00e9vou\u00e9s \u00e0 fa\u00e7onner un avenir num\u00e9rique plus inclusif et durable. Depuis notre fondation, notre engagement in\u00e9branlable envers &hellip;<\/p>\n<p class=\"read-more\"> <a class=\"\" href=\"https:\/\/hopedigitalservices.fr\/\"> <span class=\"screen-reader-text\">Accueil<\/span> Read More &raquo;<\/a><\/p>\n","protected":false},"author":1,"featured_media":0,"parent":0,"menu_order":0,"comment_status":"closed","ping_status":"closed","template":"","meta":{"site-sidebar-layout":"default","site-content-layout":"","ast-site-content-layout":"","site-content-style":"default","site-sidebar-style":"default","ast-global-header-display":"","ast-banner-title-visibility":"","ast-main-header-display":"","ast-hfb-above-header-display":"","ast-hfb-below-header-display":"","ast-hfb-mobile-header-display":"","site-post-title":"","ast-breadcrumbs-content":"","ast-featured-img":"","footer-sml-layout":"","theme-transparent-header-meta":"","adv-header-id-meta":"","stick-header-meta":"","header-above-stick-meta":"","header-main-stick-meta":"","header-below-stick-meta":"","astra-migrate-meta-layouts":"","ast-page-background-enabled":"default","ast-page-background-meta":{"desktop":{"background-color":"var(--ast-global-color-4)","background-image":"","background-repeat":"repeat","background-position":"center center","background-size":"auto","background-attachment":"scroll","background-type":"","background-media":"","overlay-type":"","overlay-color":"","overlay-gradient":""},"tablet":{"background-color":"","background-image":"","background-repeat":"repeat","background-position":"center center","background-size":"auto","background-attachment":"scroll","background-type":"","background-media":"","overlay-type":"","overlay-color":"","overlay-gradient":""},"mobile":{"background-color":"","background-image":"","background-repeat":"repeat","background-position":"center center","background-size":"auto","background-attachment":"scroll","background-type":"","background-media":"","overlay-type":"","overlay-color":"","overlay-gradient":""}},"ast-content-background-meta":{"desktop":{"background-color":"var(--ast-global-color-5)","background-image":"","background-repeat":"repeat","background-position":"center center","background-size":"auto","background-attachment":"scroll","background-type":"","background-media":"","overlay-type":"","overlay-color":"","overlay-gradient":""},"tablet":{"background-color":"var(--ast-global-color-5)","background-image":"","background-repeat":"repeat","background-position":"center center","background-size":"auto","background-attachment":"scroll","background-type":"","background-media":"","overlay-type":"","overlay-color":"","overlay-gradient":""},"mobile":{"background-color":"var(--ast-global-color-5)","background-image":"","background-repeat":"repeat","background-position":"center center","background-size":"auto","background-attachment":"scroll","background-type":"","background-media":"","overlay-type":"","overlay-color":"","overlay-gradient":""}},"footnotes":""},"_links":{"self":[{"href":"https:\/\/hopedigitalservices.fr\/index.php\/wp-json\/wp\/v2\/pages\/13"}],"collection":[{"href":"https:\/\/hopedigitalservices.fr\/index.php\/wp-json\/wp\/v2\/pages"}],"about":[{"href":"https:\/\/hopedigitalservices.fr\/index.php\/wp-json\/wp\/v2\/types\/page"}],"author":[{"embeddable":true,"href":"https:\/\/hopedigitalservices.fr\/index.php\/wp-json\/wp\/v2\/users\/1"}],"replies":[{"embeddable":true,"href":"https:\/\/hopedigitalservices.fr\/index.php\/wp-json\/wp\/v2\/comments?post=13"}],"version-history":[{"count":52,"href":"https:\/\/hopedigitalservices.fr\/index.php\/wp-json\/wp\/v2\/pages\/13\/revisions"}],"predecessor-version":[{"id":189,"href":"https:\/\/hopedigitalservices.fr\/index.php\/wp-json\/wp\/v2\/pages\/13\/revisions\/189"}],"wp:attachment":[{"href":"https:\/\/hopedigitalservices.fr\/index.php\/wp-json\/wp\/v2\/media?parent=13"}],"curies":[{"name":"wp","href":"https:\/\/api.w.org\/{rel}","templated":true}]}}